{"id":33621,"date":"2024-11-29T08:00:00","date_gmt":"2024-11-29T08:00:00","guid":{"rendered":"https:\/\/art-of-body.ch\/?page_id=33621"},"modified":"2026-04-22T07:24:29","modified_gmt":"2026-04-22T07:24:29","slug":"bodyforming","status":"publish","type":"page","link":"https:\/\/art-of-body.ch\/index.php\/bodyforming\/","title":{"rendered":"Bodyforming"},"content":{"rendered":"\t\t<div data-elementor-type=\"wp-page\" data-elementor-id=\"33621\" class=\"elementor elementor-33621\">\n\t\t\t\t<div class=\"elementor-element elementor-element-e52a2ba e-con-full e-flex cmsmasters-block-default e-con e-parent\" data-id=\"e52a2ba\" data-element_type=\"container\" data-e-type=\"container\">\n\t\t\t\t<div class=\"elementor-element elementor-element-091aee5 elementor-widget__width-inherit cmsmasters-block-default cmsmasters-sticky-default elementor-widget elementor-widget-image\" data-id=\"091aee5\" data-element_type=\"widget\" data-e-type=\"widget\" data-widget_type=\"image.default\">\n\t\t\t\t<div class=\"elementor-widget-container\">\n\t\t\t\t\t\t\t\t\t\t\t\t\t\t\t<img fetchpriority=\"high\" decoding=\"async\" width=\"1024\" height=\"512\" src=\"https:\/\/art-of-body.ch\/wp-content\/uploads\/2024\/11\/Design-ohne-Titel-15-30x30.png\" class=\"attachment-large size-large wp-image-33663 cmsmasters_img cmsmasters-lazyload lazyload\" alt=\"\" data-sizes=\"(max-width: 1024px) 100vw, 1024px\" data-src=\"https:\/\/art-of-body.ch\/wp-content\/uploads\/2024\/11\/Design-ohne-Titel-15-1024x512.png\" data-srcset=\"https:\/\/art-of-body.ch\/wp-content\/uploads\/2024\/11\/Design-ohne-Titel-15-1024x512.png 1024w, https:\/\/art-of-body.ch\/wp-content\/uploads\/2024\/11\/Design-ohne-Titel-15-300x150.png 300w, https:\/\/art-of-body.ch\/wp-content\/uploads\/2024\/11\/Design-ohne-Titel-15-768x384.png 768w, https:\/\/art-of-body.ch\/wp-content\/uploads\/2024\/11\/Design-ohne-Titel-15-600x300.png 600w, https:\/\/art-of-body.ch\/wp-content\/uploads\/2024\/11\/Design-ohne-Titel-15-30x16.png 30w, https:\/\/art-of-body.ch\/wp-content\/uploads\/2024\/11\/Design-ohne-Titel-15-20x10.png 20w, https:\/\/art-of-body.ch\/wp-content\/uploads\/2024\/11\/Design-ohne-Titel-15.png 1500w\" srcset=\"https:\/\/art-of-body.ch\/wp-content\/uploads\/2024\/11\/Design-ohne-Titel-15-300x150.png 300w, https:\/\/art-of-body.ch\/wp-content\/uploads\/2024\/11\/Design-ohne-Titel-15-1024x512.png 1024w, https:\/\/art-of-body.ch\/wp-content\/uploads\/2024\/11\/Design-ohne-Titel-15-768x384.png 768w, https:\/\/art-of-body.ch\/wp-content\/uploads\/2024\/11\/Design-ohne-Titel-15-600x300.png 600w, https:\/\/art-of-body.ch\/wp-content\/uploads\/2024\/11\/Design-ohne-Titel-15-30x16.png 30w, https:\/\/art-of-body.ch\/wp-content\/uploads\/2024\/11\/Design-ohne-Titel-15-20x10.png 20w, https:\/\/art-of-body.ch\/wp-content\/uploads\/2024\/11\/Design-ohne-Titel-15.png 1500w\" sizes=\"(max-width: 1024px) 100vw, 1024px\" \/>\t\t\t\t\t\t\t\t\t\t\t\t\t\t\t<\/div>\n\t\t\t\t<\/div>\n\t\t\t\t<div class=\"elementor-element elementor-element-20935f6 cmsmasters-block-default cmsmasters-sticky-default elementor-widget elementor-widget-heading\" data-id=\"20935f6\" data-element_type=\"widget\" data-e-type=\"widget\" data-widget_type=\"heading.default\">\n\t\t\t\t<div class=\"elementor-widget-container\">\n\t\t\t\t\t<h2 class=\"elementor-heading-title elementor-size-default\">Bodyforming<\/h2>\t\t\t\t<\/div>\n\t\t\t\t<\/div>\n\t\t<div class=\"elementor-element elementor-element-6472258 e-con-full e-flex cmsmasters-block-default e-con e-child\" data-id=\"6472258\" data-element_type=\"container\" data-e-type=\"container\">\n\t\t\t\t<div class=\"elementor-element elementor-element-6f8dbfe cmsmasters-block-default cmsmasters-sticky-default elementor-widget elementor-widget-text-editor\" data-id=\"6f8dbfe\" data-element_type=\"widget\" data-e-type=\"widget\" data-widget_type=\"text-editor.default\">\n\t\t\t\t<div class=\"elementor-widget-container\">\n\t\t\t\t\t\t\t\t\t<p>Bodyforming-Konzepte erm\u00f6glichen es uns, nicht nur kleine Fettpolster zu behandeln, sondern den gesamten K\u00f6rper zu modellieren und den Umfang zu reduzieren. Diese Konzepte sind f\u00fcr fast f\u00fcr jeden geeignet, unabh\u00e4ngig von Alter und Gewicht. Ob Fettreduktion, Hautstraffen oder Muskeln aufbauen oder Gesundabnehmen und bleiben &#8211; Ihr Bodyforming-Konzept.<\/p><p>Vereinbaren Sie ein kostenloses Beratungsgespr\u00e4ch, damit wir ihr pers\u00f6nlichen Behandlungsplan erstellen k\u00f6nnen.<\/p><p>Individuell und pers\u00f6nlich &#8211; das Beste f\u00fcr Sie und Ihr K\u00f6rper.<\/p>\t\t\t\t\t\t\t\t<\/div>\n\t\t\t\t<\/div>\n\t\t<div class=\"elementor-element elementor-element-15a6a1c e-con-full e-flex cmsmasters-block-default e-con e-child\" data-id=\"15a6a1c\" data-element_type=\"container\" data-e-type=\"container\">\n\t\t\t\t<\/div>\n\t\t\t\t<\/div>\n\t\t\t\t<\/div>\n\t\t<div class=\"elementor-element elementor-element-90cd34f e-con-full e-flex cmsmasters-block-default e-con e-parent\" data-id=\"90cd34f\" data-element_type=\"container\" data-e-type=\"container\">\n\t\t\t\t<div class=\"elementor-element elementor-element-e53e68a cmsmasters-widget-layout-row cmsmasters-widget-align-stretch cmsmasters-widget-direction-default cmsmasters-widget-marker-element-icon cmsmasters-widget-marker-view-default cmsmasters-block-default cmsmasters-sticky-default elementor-widget elementor-widget-cmsmasters-icon-list cmsmasters-widget-icon-list\" data-id=\"e53e68a\" data-element_type=\"widget\" data-e-type=\"widget\" data-widget_type=\"cmsmasters-icon-list.default\">\n\t\t\t\t<div class=\"elementor-widget-container\">\n\t\t\t\t\t\t\t<ul class=\"cmsmasters-widget-icon-list-items\">\n\t\t\t\t\t\t\t<li class=\"cmsmasters-widget-icon-list-item active-icon-item\">\n\t\t\t\t\t\t\t\t<span class=\"cmsmasters-widget-icon-list-item-text-wrap\">\n\t\t\t\t\t\t\t\t\t\t\t<span class=\"cmsmasters-widget-icon-list-item-icon\">\n\t\t\t\t\t\t\t<span>\n\t\t\t\t\t\t\t\t\t\t\t\t\t\t\t\t\t<svg aria-hidden=\"true\" class=\"e-font-icon-svg e-fas-check\" viewBox=\"0 0 512 512\" xmlns=\"http:\/\/www.w3.org\/2000\/svg\"><path d=\"M173.898 439.404l-166.4-166.4c-9.997-9.997-9.997-26.206 0-36.204l36.203-36.204c9.997-9.998 26.207-9.998 36.204 0L192 312.69 432.095 72.596c9.997-9.997 26.207-9.997 36.204 0l36.203 36.204c9.997 9.997 9.997 26.206 0 36.204l-294.4 294.401c-9.998 9.997-26.207 9.997-36.204-.001z\"><\/path><\/svg>\t\t\t\t\t\t\t\t\t\t\t\t\t\t\t<\/span>\n\t\t\t\t\t\t<\/span>\n\t\t\t\t\t\t\t\t\t\t<span class=\"cmsmasters-widget-icon-list-item-text-inner active-link-item\">\n\t\t\t\t\t\t<span class=\"cmsmasters-widget-icon-list-item-text\">\n\t\t\t\t\t\t\t<a href=\"https:\/\/art-of-body.ch\/index.php\/services\/kryolipolyse-fettabbau-durch-kaeltebehandlung-ohne-op\/\">Kryolipolyse<\/a>\t\t\t\t\t\t<\/span>\n\t\t\t\t\t\t\t\t\t\t\t<\/span>\n\t\t\t\t<\/span>\n\t\t\t\t\t\t\t\t<\/li>\n\t\t\t\t\t\t\t<li class=\"cmsmasters-widget-icon-list-item active-icon-item\">\n\t\t\t\t\t\t\t\t<span class=\"cmsmasters-widget-icon-list-item-text-wrap\">\n\t\t\t\t\t\t\t\t\t\t\t<span class=\"cmsmasters-widget-icon-list-item-icon\">\n\t\t\t\t\t\t\t<span>\n\t\t\t\t\t\t\t\t\t\t\t\t\t\t\t\t\t<svg aria-hidden=\"true\" class=\"e-font-icon-svg e-fas-check\" viewBox=\"0 0 512 512\" xmlns=\"http:\/\/www.w3.org\/2000\/svg\"><path d=\"M173.898 439.404l-166.4-166.4c-9.997-9.997-9.997-26.206 0-36.204l36.203-36.204c9.997-9.998 26.207-9.998 36.204 0L192 312.69 432.095 72.596c9.997-9.997 26.207-9.997 36.204 0l36.203 36.204c9.997 9.997 9.997 26.206 0 36.204l-294.4 294.401c-9.998 9.997-26.207 9.997-36.204-.001z\"><\/path><\/svg>\t\t\t\t\t\t\t\t\t\t\t\t\t\t\t<\/span>\n\t\t\t\t\t\t<\/span>\n\t\t\t\t\t\t\t\t\t\t<span class=\"cmsmasters-widget-icon-list-item-text-inner active-link-item\">\n\t\t\t\t\t\t<span class=\"cmsmasters-widget-icon-list-item-text cmsmasters-widget-icon-list-item-text\">\n\t\t\t\t\t\t\t<a href=\"https:\/\/art-of-body.ch\/index.php\/services\/btl-vanquish-me-fettentfernung-ohne-chirurgischen-eingriff\/\">BTL Vanquish me<\/a>\t\t\t\t\t\t<\/span>\n\t\t\t\t\t\t\t\t\t\t\t<\/span>\n\t\t\t\t<\/span>\n\t\t\t\t\t\t\t\t<\/li>\n\t\t\t\t\t\t\t<li class=\"cmsmasters-widget-icon-list-item active-icon-item\">\n\t\t\t\t\t\t\t\t<span class=\"cmsmasters-widget-icon-list-item-text-wrap\">\n\t\t\t\t\t\t\t\t\t\t\t<span class=\"cmsmasters-widget-icon-list-item-icon\">\n\t\t\t\t\t\t\t<span>\n\t\t\t\t\t\t\t\t\t\t\t\t\t\t\t\t\t<svg aria-hidden=\"true\" class=\"e-font-icon-svg e-fas-check\" viewBox=\"0 0 512 512\" xmlns=\"http:\/\/www.w3.org\/2000\/svg\"><path d=\"M173.898 439.404l-166.4-166.4c-9.997-9.997-9.997-26.206 0-36.204l36.203-36.204c9.997-9.998 26.207-9.998 36.204 0L192 312.69 432.095 72.596c9.997-9.997 26.207-9.997 36.204 0l36.203 36.204c9.997 9.997 9.997 26.206 0 36.204l-294.4 294.401c-9.998 9.997-26.207 9.997-36.204-.001z\"><\/path><\/svg>\t\t\t\t\t\t\t\t\t\t\t\t\t\t\t<\/span>\n\t\t\t\t\t\t<\/span>\n\t\t\t\t\t\t\t\t\t\t<span class=\"cmsmasters-widget-icon-list-item-text-inner active-link-item\">\n\t\t\t\t\t\t<span class=\"cmsmasters-widget-icon-list-item-text cmsmasters-widget-icon-list-item-text cmsmasters-widget-icon-list-item-text\">\n\t\t\t\t\t\t\t<a href=\"https:\/\/art-of-body.ch\/index.php\/services\/brasilianische-lymphdrainage\/\">Brasilianische Lymphdrainage<\/a>\t\t\t\t\t\t<\/span>\n\t\t\t\t\t\t\t\t\t\t\t<\/span>\n\t\t\t\t<\/span>\n\t\t\t\t\t\t\t\t<\/li>\n\t\t\t\t\t\t\t<li class=\"cmsmasters-widget-icon-list-item active-icon-item\">\n\t\t\t\t\t\t\t\t<span class=\"cmsmasters-widget-icon-list-item-text-wrap\">\n\t\t\t\t\t\t\t\t\t\t\t<span class=\"cmsmasters-widget-icon-list-item-icon\">\n\t\t\t\t\t\t\t<span>\n\t\t\t\t\t\t\t\t\t\t\t\t\t\t\t\t\t<svg aria-hidden=\"true\" class=\"e-font-icon-svg e-fas-check\" viewBox=\"0 0 512 512\" xmlns=\"http:\/\/www.w3.org\/2000\/svg\"><path d=\"M173.898 439.404l-166.4-166.4c-9.997-9.997-9.997-26.206 0-36.204l36.203-36.204c9.997-9.998 26.207-9.998 36.204 0L192 312.69 432.095 72.596c9.997-9.997 26.207-9.997 36.204 0l36.203 36.204c9.997 9.997 9.997 26.206 0 36.204l-294.4 294.401c-9.998 9.997-26.207 9.997-36.204-.001z\"><\/path><\/svg>\t\t\t\t\t\t\t\t\t\t\t\t\t\t\t<\/span>\n\t\t\t\t\t\t<\/span>\n\t\t\t\t\t\t\t\t\t\t<span class=\"cmsmasters-widget-icon-list-item-text-inner active-link-item\">\n\t\t\t\t\t\t<span class=\"cmsmasters-widget-icon-list-item-text cmsmasters-widget-icon-list-item-text cmsmasters-widget-icon-list-item-text cmsmasters-widget-icon-list-item-text\">\n\t\t\t\t\t\t\t<a href=\"https:\/\/art-of-body.ch\/index.php\/services\/btl-vanquish-me-fettentfernung-ohne-chirurgischen-eingriff\/\">LPG Endermologie<\/a>\t\t\t\t\t\t<\/span>\n\t\t\t\t\t\t\t\t\t\t\t<\/span>\n\t\t\t\t<\/span>\n\t\t\t\t\t\t\t\t<\/li>\n\t\t\t\t\t\t\t<li class=\"cmsmasters-widget-icon-list-item active-icon-item\">\n\t\t\t\t\t\t\t\t<span class=\"cmsmasters-widget-icon-list-item-text-wrap\">\n\t\t\t\t\t\t\t\t\t\t\t<span class=\"cmsmasters-widget-icon-list-item-icon\">\n\t\t\t\t\t\t\t<span>\n\t\t\t\t\t\t\t\t\t\t\t\t\t\t\t\t\t<svg aria-hidden=\"true\" class=\"e-font-icon-svg e-fas-check\" viewBox=\"0 0 512 512\" xmlns=\"http:\/\/www.w3.org\/2000\/svg\"><path d=\"M173.898 439.404l-166.4-166.4c-9.997-9.997-9.997-26.206 0-36.204l36.203-36.204c9.997-9.998 26.207-9.998 36.204 0L192 312.69 432.095 72.596c9.997-9.997 26.207-9.997 36.204 0l36.203 36.204c9.997 9.997 9.997 26.206 0 36.204l-294.4 294.401c-9.998 9.997-26.207 9.997-36.204-.001z\"><\/path><\/svg>\t\t\t\t\t\t\t\t\t\t\t\t\t\t\t<\/span>\n\t\t\t\t\t\t<\/span>\n\t\t\t\t\t\t\t\t\t\t<span class=\"cmsmasters-widget-icon-list-item-text-inner active-link-item\">\n\t\t\t\t\t\t<span class=\"cmsmasters-widget-icon-list-item-text cmsmasters-widget-icon-list-item-text cmsmasters-widget-icon-list-item-text cmsmasters-widget-icon-list-item-text cmsmasters-widget-icon-list-item-text\">\n\t\t\t\t\t\t\t<a href=\"https:\/\/art-of-body.ch\/index.php\/services\/emshapex-muskelaufbau-und-fettverbrennung-ohne-anstrengung\/\">EMShapeX<\/a>\t\t\t\t\t\t<\/span>\n\t\t\t\t\t\t\t\t\t\t\t<\/span>\n\t\t\t\t<\/span>\n\t\t\t\t\t\t\t\t<\/li>\n\t\t\t\t\t\t\t<li class=\"cmsmasters-widget-icon-list-item active-icon-item\">\n\t\t\t\t\t\t\t\t<span class=\"cmsmasters-widget-icon-list-item-text-wrap\">\n\t\t\t\t\t\t\t\t\t\t\t<span class=\"cmsmasters-widget-icon-list-item-icon\">\n\t\t\t\t\t\t\t<span>\n\t\t\t\t\t\t\t\t\t\t\t\t\t\t\t\t\t<svg aria-hidden=\"true\" class=\"e-font-icon-svg e-fas-check\" viewBox=\"0 0 512 512\" xmlns=\"http:\/\/www.w3.org\/2000\/svg\"><path d=\"M173.898 439.404l-166.4-166.4c-9.997-9.997-9.997-26.206 0-36.204l36.203-36.204c9.997-9.998 26.207-9.998 36.204 0L192 312.69 432.095 72.596c9.997-9.997 26.207-9.997 36.204 0l36.203 36.204c9.997 9.997 9.997 26.206 0 36.204l-294.4 294.401c-9.998 9.997-26.207 9.997-36.204-.001z\"><\/path><\/svg>\t\t\t\t\t\t\t\t\t\t\t\t\t\t\t<\/span>\n\t\t\t\t\t\t<\/span>\n\t\t\t\t\t\t\t\t\t\t<span class=\"cmsmasters-widget-icon-list-item-text-inner active-link-item\">\n\t\t\t\t\t\t<span class=\"cmsmasters-widget-icon-list-item-text cmsmasters-widget-icon-list-item-text cmsmasters-widget-icon-list-item-text cmsmasters-widget-icon-list-item-text cmsmasters-widget-icon-list-item-text cmsmasters-widget-icon-list-item-text\">\n\t\t\t\t\t\t\t<a href=\"https:\/\/art-of-body.ch\/index.php\/services\/lymphdrainage\/\">Lymphdrainage<\/a>\t\t\t\t\t\t<\/span>\n\t\t\t\t\t\t\t\t\t\t\t<\/span>\n\t\t\t\t<\/span>\n\t\t\t\t\t\t\t\t<\/li>\n\t\t\t\t\t<\/ul>\n\t\t\t\t\t\t<\/div>\n\t\t\t\t<\/div>\n\t\t<div class=\"elementor-element elementor-element-13cf2c3 e-flex e-con-boxed cmsmasters-block-default e-con e-child\" data-id=\"13cf2c3\" data-element_type=\"container\" data-e-type=\"container\">\n\t\t\t\t\t<div class=\"e-con-inner\">\n\t\t\t\t\t<\/div>\n\t\t\t\t<\/div>\n\t\t\t\t<\/div>\n\t\t\t\t<\/div>\n\t\t","protected":false},"excerpt":{"rendered":"<p>Bodyforming Bodyforming-Konzepte erm\u00f6glichen es uns, nicht nur kleine Fettpolster zu behandeln, sondern den gesamten K\u00f6rper zu modellieren und den Umfang zu reduzieren. Diese Konzepte sind f\u00fcr fast f\u00fcr jeden geeignet, unabh\u00e4ngig von Alter und Gewicht. Ob Fettreduktion, Hautstraffen oder Muskeln aufbauen oder Gesundabnehmen und bleiben &#8211; Ihr Bodyforming-Konzept. Vereinbaren Sie ein kostenloses Beratungsgespr\u00e4ch, damit wir&#8230;<\/p>\n","protected":false},"author":3,"featured_media":0,"parent":0,"menu_order":0,"comment_status":"closed","ping_status":"closed","template":"","meta":{"_acf_changed":false,"inline_featured_image":false,"_joinchat":[],"footnotes":""},"class_list":["post-33621","page","type-page","status-publish","hentry"],"acf":[],"yoast_head":"<!-- This site is optimized with the Yoast SEO Premium plugin v23.9 (Yoast SEO v23.9) - https:\/\/yoast.com\/wordpress\/plugins\/seo\/ -->\n<title>Bodyforming - Art of Body<\/title>\n<meta name=\"description\" content=\"Bodyforming Konzepte erm\u00f6glichen es uns, nicht nur kleine Fettpolster zu behandeln, sondern den gesamten K\u00f6rper zu modellieren und den Umfang zu reduzieren.\" \/>\n<meta name=\"robots\" content=\"index, follow, max-snippet:-1, max-image-preview:large, max-video-preview:-1\" \/>\n<link rel=\"canonical\" href=\"https:\/\/art-of-body.ch\/index.php\/bodyforming\/\" \/>\n<meta property=\"og:locale\" content=\"de_DE\" \/>\n<meta property=\"og:type\" content=\"article\" \/>\n<meta property=\"og:title\" content=\"Bodyforming\" \/>\n<meta property=\"og:description\" content=\"Bodyforming Konzepte erm\u00f6glichen es uns, nicht nur kleine Fettpolster zu behandeln, sondern den gesamten K\u00f6rper zu modellieren und den Umfang zu reduzieren.\" \/>\n<meta property=\"og:url\" content=\"https:\/\/art-of-body.ch\/index.php\/bodyforming\/\" \/>\n<meta property=\"og:site_name\" content=\"Art of Body\" \/>\n<meta property=\"article:publisher\" content=\"https:\/\/www.facebook.com\/abnehmen.body\" \/>\n<meta property=\"article:modified_time\" content=\"2026-04-22T07:24:29+00:00\" \/>\n<meta property=\"og:image\" content=\"https:\/\/art-of-body.ch\/wp-content\/uploads\/2024\/11\/Design-ohne-Titel-15.png\" \/>\n\t<meta property=\"og:image:width\" content=\"1500\" \/>\n\t<meta property=\"og:image:height\" content=\"750\" \/>\n\t<meta property=\"og:image:type\" content=\"image\/png\" \/>\n<meta name=\"twitter:card\" content=\"summary_large_image\" \/>\n<meta name=\"twitter:label1\" content=\"Gesch\u00e4tzte Lesezeit\" \/>\n\t<meta name=\"twitter:data1\" content=\"1\u00a0Minute\" \/>\n<script type=\"application\/ld+json\" class=\"yoast-schema-graph\">{\"@context\":\"https:\/\/schema.org\",\"@graph\":[{\"@type\":\"WebPage\",\"@id\":\"https:\/\/art-of-body.ch\/index.php\/bodyforming\/\",\"url\":\"https:\/\/art-of-body.ch\/index.php\/bodyforming\/\",\"name\":\"Bodyforming - Art of Body\",\"isPartOf\":{\"@id\":\"https:\/\/art-of-body.ch\/#website\"},\"primaryImageOfPage\":{\"@id\":\"https:\/\/art-of-body.ch\/index.php\/bodyforming\/#primaryimage\"},\"image\":{\"@id\":\"https:\/\/art-of-body.ch\/index.php\/bodyforming\/#primaryimage\"},\"thumbnailUrl\":\"https:\/\/art-of-body.ch\/wp-content\/uploads\/2024\/11\/Design-ohne-Titel-15-30x30.png\",\"datePublished\":\"2024-11-29T08:00:00+00:00\",\"dateModified\":\"2026-04-22T07:24:29+00:00\",\"description\":\"Bodyforming Konzepte erm\u00f6glichen es uns, nicht nur kleine Fettpolster zu behandeln, sondern den gesamten K\u00f6rper zu modellieren und den Umfang zu reduzieren.\",\"breadcrumb\":{\"@id\":\"https:\/\/art-of-body.ch\/index.php\/bodyforming\/#breadcrumb\"},\"inLanguage\":\"de\",\"potentialAction\":[{\"@type\":\"ReadAction\",\"target\":[\"https:\/\/art-of-body.ch\/index.php\/bodyforming\/\"]}]},{\"@type\":\"ImageObject\",\"inLanguage\":\"de\",\"@id\":\"https:\/\/art-of-body.ch\/index.php\/bodyforming\/#primaryimage\",\"url\":\"https:\/\/art-of-body.ch\/wp-content\/uploads\/2024\/11\/Design-ohne-Titel-15.png\",\"contentUrl\":\"https:\/\/art-of-body.ch\/wp-content\/uploads\/2024\/11\/Design-ohne-Titel-15.png\",\"width\":1500,\"height\":750},{\"@type\":\"BreadcrumbList\",\"@id\":\"https:\/\/art-of-body.ch\/index.php\/bodyforming\/#breadcrumb\",\"itemListElement\":[{\"@type\":\"ListItem\",\"position\":1,\"name\":\"Startseite\",\"item\":\"https:\/\/art-of-body.ch\/\"},{\"@type\":\"ListItem\",\"position\":2,\"name\":\"Bodyforming\"}]},{\"@type\":\"WebSite\",\"@id\":\"https:\/\/art-of-body.ch\/#website\",\"url\":\"https:\/\/art-of-body.ch\/\",\"name\":\"Art of Body\",\"description\":\"by Yvonne Strub\",\"publisher\":{\"@id\":\"https:\/\/art-of-body.ch\/#organization\"},\"potentialAction\":[{\"@type\":\"SearchAction\",\"target\":{\"@type\":\"EntryPoint\",\"urlTemplate\":\"https:\/\/art-of-body.ch\/?s={search_term_string}\"},\"query-input\":{\"@type\":\"PropertyValueSpecification\",\"valueRequired\":true,\"valueName\":\"search_term_string\"}}],\"inLanguage\":\"de\"},{\"@type\":\"Organization\",\"@id\":\"https:\/\/art-of-body.ch\/#organization\",\"name\":\"Art of Body\",\"url\":\"https:\/\/art-of-body.ch\/\",\"logo\":{\"@type\":\"ImageObject\",\"inLanguage\":\"de\",\"@id\":\"https:\/\/art-of-body.ch\/#\/schema\/logo\/image\/\",\"url\":\"https:\/\/art-of-body.ch\/wp-content\/uploads\/2024\/06\/Elegant-Beauty-Blogger-Name-Logo-4-1.png\",\"contentUrl\":\"https:\/\/art-of-body.ch\/wp-content\/uploads\/2024\/06\/Elegant-Beauty-Blogger-Name-Logo-4-1.png\",\"width\":850,\"height\":357,\"caption\":\"Art of Body\"},\"image\":{\"@id\":\"https:\/\/art-of-body.ch\/#\/schema\/logo\/image\/\"},\"sameAs\":[\"https:\/\/www.facebook.com\/abnehmen.body\"]}]}<\/script>\n<!-- \/ Yoast SEO Premium plugin. -->","yoast_head_json":{"title":"Bodyforming - Art of Body","description":"Bodyforming Konzepte erm\u00f6glichen es uns, nicht nur kleine Fettpolster zu behandeln, sondern den gesamten K\u00f6rper zu modellieren und den Umfang zu reduzieren.","robots":{"index":"index","follow":"follow","max-snippet":"max-snippet:-1","max-image-preview":"max-image-preview:large","max-video-preview":"max-video-preview:-1"},"canonical":"https:\/\/art-of-body.ch\/index.php\/bodyforming\/","og_locale":"de_DE","og_type":"article","og_title":"Bodyforming","og_description":"Bodyforming Konzepte erm\u00f6glichen es uns, nicht nur kleine Fettpolster zu behandeln, sondern den gesamten K\u00f6rper zu modellieren und den Umfang zu reduzieren.","og_url":"https:\/\/art-of-body.ch\/index.php\/bodyforming\/","og_site_name":"Art of Body","article_publisher":"https:\/\/www.facebook.com\/abnehmen.body","article_modified_time":"2026-04-22T07:24:29+00:00","og_image":[{"width":1500,"height":750,"url":"https:\/\/art-of-body.ch\/wp-content\/uploads\/2024\/11\/Design-ohne-Titel-15.png","type":"image\/png"}],"twitter_card":"summary_large_image","twitter_misc":{"Gesch\u00e4tzte Lesezeit":"1\u00a0Minute"},"schema":{"@context":"https:\/\/schema.org","@graph":[{"@type":"WebPage","@id":"https:\/\/art-of-body.ch\/index.php\/bodyforming\/","url":"https:\/\/art-of-body.ch\/index.php\/bodyforming\/","name":"Bodyforming - Art of Body","isPartOf":{"@id":"https:\/\/art-of-body.ch\/#website"},"primaryImageOfPage":{"@id":"https:\/\/art-of-body.ch\/index.php\/bodyforming\/#primaryimage"},"image":{"@id":"https:\/\/art-of-body.ch\/index.php\/bodyforming\/#primaryimage"},"thumbnailUrl":"https:\/\/art-of-body.ch\/wp-content\/uploads\/2024\/11\/Design-ohne-Titel-15-30x30.png","datePublished":"2024-11-29T08:00:00+00:00","dateModified":"2026-04-22T07:24:29+00:00","description":"Bodyforming Konzepte erm\u00f6glichen es uns, nicht nur kleine Fettpolster zu behandeln, sondern den gesamten K\u00f6rper zu modellieren und den Umfang zu reduzieren.","breadcrumb":{"@id":"https:\/\/art-of-body.ch\/index.php\/bodyforming\/#breadcrumb"},"inLanguage":"de","potentialAction":[{"@type":"ReadAction","target":["https:\/\/art-of-body.ch\/index.php\/bodyforming\/"]}]},{"@type":"ImageObject","inLanguage":"de","@id":"https:\/\/art-of-body.ch\/index.php\/bodyforming\/#primaryimage","url":"https:\/\/art-of-body.ch\/wp-content\/uploads\/2024\/11\/Design-ohne-Titel-15.png","contentUrl":"https:\/\/art-of-body.ch\/wp-content\/uploads\/2024\/11\/Design-ohne-Titel-15.png","width":1500,"height":750},{"@type":"BreadcrumbList","@id":"https:\/\/art-of-body.ch\/index.php\/bodyforming\/#breadcrumb","itemListElement":[{"@type":"ListItem","position":1,"name":"Startseite","item":"https:\/\/art-of-body.ch\/"},{"@type":"ListItem","position":2,"name":"Bodyforming"}]},{"@type":"WebSite","@id":"https:\/\/art-of-body.ch\/#website","url":"https:\/\/art-of-body.ch\/","name":"Art of Body","description":"by Yvonne Strub","publisher":{"@id":"https:\/\/art-of-body.ch\/#organization"},"potentialAction":[{"@type":"SearchAction","target":{"@type":"EntryPoint","urlTemplate":"https:\/\/art-of-body.ch\/?s={search_term_string}"},"query-input":{"@type":"PropertyValueSpecification","valueRequired":true,"valueName":"search_term_string"}}],"inLanguage":"de"},{"@type":"Organization","@id":"https:\/\/art-of-body.ch\/#organization","name":"Art of Body","url":"https:\/\/art-of-body.ch\/","logo":{"@type":"ImageObject","inLanguage":"de","@id":"https:\/\/art-of-body.ch\/#\/schema\/logo\/image\/","url":"https:\/\/art-of-body.ch\/wp-content\/uploads\/2024\/06\/Elegant-Beauty-Blogger-Name-Logo-4-1.png","contentUrl":"https:\/\/art-of-body.ch\/wp-content\/uploads\/2024\/06\/Elegant-Beauty-Blogger-Name-Logo-4-1.png","width":850,"height":357,"caption":"Art of Body"},"image":{"@id":"https:\/\/art-of-body.ch\/#\/schema\/logo\/image\/"},"sameAs":["https:\/\/www.facebook.com\/abnehmen.body"]}]}},"_links":{"self":[{"href":"https:\/\/art-of-body.ch\/index.php\/wp-json\/wp\/v2\/pages\/33621","targetHints":{"allow":["GET"]}}],"collection":[{"href":"https:\/\/art-of-body.ch\/index.php\/wp-json\/wp\/v2\/pages"}],"about":[{"href":"https:\/\/art-of-body.ch\/index.php\/wp-json\/wp\/v2\/types\/page"}],"author":[{"embeddable":true,"href":"https:\/\/art-of-body.ch\/index.php\/wp-json\/wp\/v2\/users\/3"}],"replies":[{"embeddable":true,"href":"https:\/\/art-of-body.ch\/index.php\/wp-json\/wp\/v2\/comments?post=33621"}],"version-history":[{"count":34,"href":"https:\/\/art-of-body.ch\/index.php\/wp-json\/wp\/v2\/pages\/33621\/revisions"}],"predecessor-version":[{"id":34420,"href":"https:\/\/art-of-body.ch\/index.php\/wp-json\/wp\/v2\/pages\/33621\/revisions\/34420"}],"wp:attachment":[{"href":"https:\/\/art-of-body.ch\/index.php\/wp-json\/wp\/v2\/media?parent=33621"}],"curies":[{"name":"wp","href":"https:\/\/api.w.org\/{rel}","templated":true}]}}