{"id":33132,"date":"2024-06-30T14:22:02","date_gmt":"2024-06-30T14:22:02","guid":{"rendered":"https:\/\/art-of-body.ch\/?page_id=33132"},"modified":"2024-06-30T14:23:34","modified_gmt":"2024-06-30T14:23:34","slug":"impressum","status":"publish","type":"page","link":"https:\/\/art-of-body.ch\/index.php\/impressum\/","title":{"rendered":"Impressum"},"content":{"rendered":"\t\t<div data-elementor-type=\"wp-page\" data-elementor-id=\"33132\" class=\"elementor elementor-33132\">\n\t\t\t\t<div class=\"elementor-element elementor-element-42297be e-flex e-con-boxed cmsmasters-block-default e-con e-parent\" data-id=\"42297be\" data-element_type=\"container\" data-e-type=\"container\">\n\t\t\t\t\t<div class=\"e-con-inner\">\n\t\t\t\t<div class=\"elementor-element elementor-element-82428e6 cmsmasters-block-default cmsmasters-sticky-default elementor-widget elementor-widget-heading\" data-id=\"82428e6\" data-element_type=\"widget\" data-e-type=\"widget\" data-widget_type=\"heading.default\">\n\t\t\t\t<div class=\"elementor-widget-container\">\n\t\t\t\t\t<h2 class=\"elementor-heading-title elementor-size-default\">Impressum<\/h2>\t\t\t\t<\/div>\n\t\t\t\t<\/div>\n\t\t\t\t<div class=\"elementor-element elementor-element-bb3c52d cmsmasters-block-default cmsmasters-sticky-default elementor-widget elementor-widget-text-editor\" data-id=\"bb3c52d\" data-element_type=\"widget\" data-e-type=\"widget\" data-widget_type=\"text-editor.default\">\n\t\t\t\t<div class=\"elementor-widget-container\">\n\t\t\t\t\t\t\t\t\t<p><strong>Art of Body<\/strong><br \/>Kirchstrasse 4<br \/>8583 Sulgen<br \/>Schweiz<\/p><p><strong>Inhaberin:<\/strong><br \/>Yvonne Strub<\/p><p><strong>Kontakt:<\/strong><br \/>Telefon: <a href=\"tel:+41762230070\">+41 76 223 00 70<\/a><br \/>E-Mail: info@art-of-body.com<\/p><p>\u00a0<\/p><p><strong>Haftungsausschluss:<\/strong><br \/>Die Inhalte dieser Website werden mit gr\u00f6sstm\u00f6glicher Sorgfalt erstellt. F\u00fcr die Richtigkeit, Vollst\u00e4ndigkeit und Aktualit\u00e4t der Inhalte k\u00f6nnen wir jedoch keine Gew\u00e4hr \u00fcbernehmen. Unsere Website enth\u00e4lt Links zu externen Websites Dritter, auf deren Inhalte wir keinen Einfluss haben. Deshalb k\u00f6nnen wir f\u00fcr diese fremden Inhalte auch keine Gew\u00e4hr \u00fcbernehmen. F\u00fcr die Inhalte der verlinkten Seiten ist stets der jeweilige Anbieter oder Betreiber der Seiten verantwortlich.<\/p><p><strong>Urheberrecht:<\/strong><br \/>Die durch die Seitenbetreiber erstellten Inhalte und Werke auf diesen Seiten unterliegen dem Schweizer Urheberrecht. Beitr\u00e4ge Dritter sind als solche gekennzeichnet. Die Vervielf\u00e4ltigung, Bearbeitung, Verbreitung und jede Art der Verwertung ausserhalb der Grenzen des Urheberrechtes bed\u00fcrfen der schriftlichen Zustimmung des jeweiligen Autors bzw. Erstellers.<\/p><p><strong>Datenschutz:<\/strong><br \/>Die Nutzung unserer Website ist in der Regel ohne Angabe personenbezogener Daten m\u00f6glich. Soweit auf unseren Seiten personenbezogene Daten (beispielsweise Name, Anschrift oder E-Mail-Adressen) erhoben werden, erfolgt dies, soweit m\u00f6glich, stets auf freiwilliger Basis. Diese Daten werden ohne Ihre ausdr\u00fcckliche Zustimmung nicht an Dritte weitergegeben.<\/p>\t\t\t\t\t\t\t\t<\/div>\n\t\t\t\t<\/div>\n\t\t\t\t\t<\/div>\n\t\t\t\t<\/div>\n\t\t\t\t<\/div>\n\t\t","protected":false},"excerpt":{"rendered":"<p>Impressum Art of BodyKirchstrasse 48583 SulgenSchweiz Inhaberin:Yvonne Strub Kontakt:Telefon: +41 76 223 00 70E-Mail: info@art-of-body.com \u00a0 Haftungsausschluss:Die Inhalte dieser Website werden mit gr\u00f6sstm\u00f6glicher Sorgfalt erstellt. F\u00fcr die Richtigkeit, Vollst\u00e4ndigkeit und Aktualit\u00e4t der Inhalte k\u00f6nnen wir jedoch keine Gew\u00e4hr \u00fcbernehmen. Unsere Website enth\u00e4lt Links zu externen Websites Dritter, auf deren Inhalte wir keinen Einfluss haben. Deshalb&#8230;<\/p>\n","protected":false},"author":1,"featured_media":0,"parent":0,"menu_order":0,"comment_status":"closed","ping_status":"closed","template":"","meta":{"_acf_changed":false,"inline_featured_image":false,"_joinchat":[],"footnotes":""},"class_list":["post-33132","page","type-page","status-publish","hentry"],"acf":[],"yoast_head":"<!-- This site is optimized with the Yoast SEO Premium plugin v23.9 (Yoast SEO v23.9) - https:\/\/yoast.com\/wordpress\/plugins\/seo\/ -->\n<title>Impressum - Art of Body<\/title>\n<meta name=\"robots\" content=\"index, follow, max-snippet:-1, max-image-preview:large, max-video-preview:-1\" \/>\n<link rel=\"canonical\" href=\"https:\/\/art-of-body.ch\/index.php\/impressum\/\" \/>\n<meta property=\"og:locale\" content=\"de_DE\" \/>\n<meta property=\"og:type\" content=\"article\" \/>\n<meta property=\"og:title\" content=\"Impressum\" \/>\n<meta property=\"og:description\" content=\"Impressum Art of BodyKirchstrasse 48583 SulgenSchweiz Inhaberin:Yvonne Strub Kontakt:Telefon: +41 76 223 00 70E-Mail: info@art-of-body.com \u00a0 Haftungsausschluss:Die Inhalte dieser Website werden mit gr\u00f6sstm\u00f6glicher Sorgfalt erstellt. F\u00fcr die Richtigkeit, Vollst\u00e4ndigkeit und Aktualit\u00e4t der Inhalte k\u00f6nnen wir jedoch keine Gew\u00e4hr \u00fcbernehmen. Unsere Website enth\u00e4lt Links zu externen Websites Dritter, auf deren Inhalte wir keinen Einfluss haben. Deshalb...\" \/>\n<meta property=\"og:url\" content=\"https:\/\/art-of-body.ch\/index.php\/impressum\/\" \/>\n<meta property=\"og:site_name\" content=\"Art of Body\" \/>\n<meta property=\"article:publisher\" content=\"https:\/\/www.facebook.com\/abnehmen.body\" \/>\n<meta property=\"article:modified_time\" content=\"2024-06-30T14:23:34+00:00\" \/>\n<meta name=\"twitter:card\" content=\"summary_large_image\" \/>\n<meta name=\"twitter:label1\" content=\"Gesch\u00e4tzte Lesezeit\" \/>\n\t<meta name=\"twitter:data1\" content=\"1\u00a0Minute\" \/>\n<script type=\"application\/ld+json\" class=\"yoast-schema-graph\">{\"@context\":\"https:\/\/schema.org\",\"@graph\":[{\"@type\":\"WebPage\",\"@id\":\"https:\/\/art-of-body.ch\/index.php\/impressum\/\",\"url\":\"https:\/\/art-of-body.ch\/index.php\/impressum\/\",\"name\":\"Impressum - Art of Body\",\"isPartOf\":{\"@id\":\"https:\/\/art-of-body.ch\/#website\"},\"datePublished\":\"2024-06-30T14:22:02+00:00\",\"dateModified\":\"2024-06-30T14:23:34+00:00\",\"breadcrumb\":{\"@id\":\"https:\/\/art-of-body.ch\/index.php\/impressum\/#breadcrumb\"},\"inLanguage\":\"de\",\"potentialAction\":[{\"@type\":\"ReadAction\",\"target\":[\"https:\/\/art-of-body.ch\/index.php\/impressum\/\"]}]},{\"@type\":\"BreadcrumbList\",\"@id\":\"https:\/\/art-of-body.ch\/index.php\/impressum\/#breadcrumb\",\"itemListElement\":[{\"@type\":\"ListItem\",\"position\":1,\"name\":\"Startseite\",\"item\":\"https:\/\/art-of-body.ch\/\"},{\"@type\":\"ListItem\",\"position\":2,\"name\":\"Impressum\"}]},{\"@type\":\"WebSite\",\"@id\":\"https:\/\/art-of-body.ch\/#website\",\"url\":\"https:\/\/art-of-body.ch\/\",\"name\":\"Art of Body\",\"description\":\"by Yvonne Strub\",\"publisher\":{\"@id\":\"https:\/\/art-of-body.ch\/#organization\"},\"potentialAction\":[{\"@type\":\"SearchAction\",\"target\":{\"@type\":\"EntryPoint\",\"urlTemplate\":\"https:\/\/art-of-body.ch\/?s={search_term_string}\"},\"query-input\":{\"@type\":\"PropertyValueSpecification\",\"valueRequired\":true,\"valueName\":\"search_term_string\"}}],\"inLanguage\":\"de\"},{\"@type\":\"Organization\",\"@id\":\"https:\/\/art-of-body.ch\/#organization\",\"name\":\"Art of Body\",\"url\":\"https:\/\/art-of-body.ch\/\",\"logo\":{\"@type\":\"ImageObject\",\"inLanguage\":\"de\",\"@id\":\"https:\/\/art-of-body.ch\/#\/schema\/logo\/image\/\",\"url\":\"https:\/\/art-of-body.ch\/wp-content\/uploads\/2024\/06\/Elegant-Beauty-Blogger-Name-Logo-4-1.png\",\"contentUrl\":\"https:\/\/art-of-body.ch\/wp-content\/uploads\/2024\/06\/Elegant-Beauty-Blogger-Name-Logo-4-1.png\",\"width\":850,\"height\":357,\"caption\":\"Art of Body\"},\"image\":{\"@id\":\"https:\/\/art-of-body.ch\/#\/schema\/logo\/image\/\"},\"sameAs\":[\"https:\/\/www.facebook.com\/abnehmen.body\"]}]}<\/script>\n<!-- \/ Yoast SEO Premium plugin. -->","yoast_head_json":{"title":"Impressum - Art of Body","robots":{"index":"index","follow":"follow","max-snippet":"max-snippet:-1","max-image-preview":"max-image-preview:large","max-video-preview":"max-video-preview:-1"},"canonical":"https:\/\/art-of-body.ch\/index.php\/impressum\/","og_locale":"de_DE","og_type":"article","og_title":"Impressum","og_description":"Impressum Art of BodyKirchstrasse 48583 SulgenSchweiz Inhaberin:Yvonne Strub Kontakt:Telefon: +41 76 223 00 70E-Mail: info@art-of-body.com \u00a0 Haftungsausschluss:Die Inhalte dieser Website werden mit gr\u00f6sstm\u00f6glicher Sorgfalt erstellt. F\u00fcr die Richtigkeit, Vollst\u00e4ndigkeit und Aktualit\u00e4t der Inhalte k\u00f6nnen wir jedoch keine Gew\u00e4hr \u00fcbernehmen. Unsere Website enth\u00e4lt Links zu externen Websites Dritter, auf deren Inhalte wir keinen Einfluss haben. Deshalb...","og_url":"https:\/\/art-of-body.ch\/index.php\/impressum\/","og_site_name":"Art of Body","article_publisher":"https:\/\/www.facebook.com\/abnehmen.body","article_modified_time":"2024-06-30T14:23:34+00:00","twitter_card":"summary_large_image","twitter_misc":{"Gesch\u00e4tzte Lesezeit":"1\u00a0Minute"},"schema":{"@context":"https:\/\/schema.org","@graph":[{"@type":"WebPage","@id":"https:\/\/art-of-body.ch\/index.php\/impressum\/","url":"https:\/\/art-of-body.ch\/index.php\/impressum\/","name":"Impressum - Art of Body","isPartOf":{"@id":"https:\/\/art-of-body.ch\/#website"},"datePublished":"2024-06-30T14:22:02+00:00","dateModified":"2024-06-30T14:23:34+00:00","breadcrumb":{"@id":"https:\/\/art-of-body.ch\/index.php\/impressum\/#breadcrumb"},"inLanguage":"de","potentialAction":[{"@type":"ReadAction","target":["https:\/\/art-of-body.ch\/index.php\/impressum\/"]}]},{"@type":"BreadcrumbList","@id":"https:\/\/art-of-body.ch\/index.php\/impressum\/#breadcrumb","itemListElement":[{"@type":"ListItem","position":1,"name":"Startseite","item":"https:\/\/art-of-body.ch\/"},{"@type":"ListItem","position":2,"name":"Impressum"}]},{"@type":"WebSite","@id":"https:\/\/art-of-body.ch\/#website","url":"https:\/\/art-of-body.ch\/","name":"Art of Body","description":"by Yvonne Strub","publisher":{"@id":"https:\/\/art-of-body.ch\/#organization"},"potentialAction":[{"@type":"SearchAction","target":{"@type":"EntryPoint","urlTemplate":"https:\/\/art-of-body.ch\/?s={search_term_string}"},"query-input":{"@type":"PropertyValueSpecification","valueRequired":true,"valueName":"search_term_string"}}],"inLanguage":"de"},{"@type":"Organization","@id":"https:\/\/art-of-body.ch\/#organization","name":"Art of Body","url":"https:\/\/art-of-body.ch\/","logo":{"@type":"ImageObject","inLanguage":"de","@id":"https:\/\/art-of-body.ch\/#\/schema\/logo\/image\/","url":"https:\/\/art-of-body.ch\/wp-content\/uploads\/2024\/06\/Elegant-Beauty-Blogger-Name-Logo-4-1.png","contentUrl":"https:\/\/art-of-body.ch\/wp-content\/uploads\/2024\/06\/Elegant-Beauty-Blogger-Name-Logo-4-1.png","width":850,"height":357,"caption":"Art of Body"},"image":{"@id":"https:\/\/art-of-body.ch\/#\/schema\/logo\/image\/"},"sameAs":["https:\/\/www.facebook.com\/abnehmen.body"]}]}},"_links":{"self":[{"href":"https:\/\/art-of-body.ch\/index.php\/wp-json\/wp\/v2\/pages\/33132","targetHints":{"allow":["GET"]}}],"collection":[{"href":"https:\/\/art-of-body.ch\/index.php\/wp-json\/wp\/v2\/pages"}],"about":[{"href":"https:\/\/art-of-body.ch\/index.php\/wp-json\/wp\/v2\/types\/page"}],"author":[{"embeddable":true,"href":"https:\/\/art-of-body.ch\/index.php\/wp-json\/wp\/v2\/users\/1"}],"replies":[{"embeddable":true,"href":"https:\/\/art-of-body.ch\/index.php\/wp-json\/wp\/v2\/comments?post=33132"}],"version-history":[{"count":4,"href":"https:\/\/art-of-body.ch\/index.php\/wp-json\/wp\/v2\/pages\/33132\/revisions"}],"predecessor-version":[{"id":33136,"href":"https:\/\/art-of-body.ch\/index.php\/wp-json\/wp\/v2\/pages\/33132\/revisions\/33136"}],"wp:attachment":[{"href":"https:\/\/art-of-body.ch\/index.php\/wp-json\/wp\/v2\/media?parent=33132"}],"curies":[{"name":"wp","href":"https:\/\/api.w.org\/{rel}","templated":true}]}}